{"id":6165,"date":"2018-11-15T10:21:51","date_gmt":"2018-11-15T09:21:51","guid":{"rendered":"https:\/\/abacus-controlling.de\/novosti\/"},"modified":"2018-11-19T14:32:25","modified_gmt":"2018-11-19T13:32:25","slug":"novosti","status":"publish","type":"page","link":"https:\/\/abacus-controlling.de\/hr\/novosti\/","title":{"rendered":"Novosti"},"content":{"rendered":"<p>[et_pb_section fb_built=&#8221;1&#8243; background_color=&#8221;rgba(52,55,71,0.82)&#8221; fullwidth=&#8221;on&#8221; _builder_version=&#8221;3.0.106&#8243; background_image=&#8221;https:\/\/abacus-controlling.de\/wp-content\/uploads\/2018\/10\/Fotolia_205743520_Subscription_Monthly_M.jpg&#8221; background_blend=&#8221;overlay&#8221; bottom_divider_style=&#8221;arrow&#8221; bottom_divider_color=&#8221;#ffffff&#8221; bottom_divider_height=&#8221;153px&#8221;][et_pb_fullwidth_header title=&#8221;Novosti&#8221; subhead=&#8221;Novosti o najva\u017enijim promjenama u zakonovodstvu i sudskoj praksi&#8221; background_layout=&#8221;dark&#8221; header_fullscreen=&#8221;on&#8221; header_scroll_down=&#8221;on&#8221; scroll_down_icon_color=&#8221;#ffffff&#8221; _builder_version=&#8221;3.0.106&#8243; title_font=&#8221;|700|||||||&#8221; title_text_align=&#8221;center&#8221; title_font_size=&#8221;70px&#8221; content_font=&#8221;||||||||&#8221; content_text_align=&#8221;center&#8221; subhead_font=&#8221;||||||||&#8221; subhead_text_align=&#8221;center&#8221; subhead_font_size=&#8221;22px&#8221; subhead_text_color=&#8221;#0697D6&#8243; subhead_text_shadow_style=&#8221;preset1&#8243; background_size=&#8221;initial&#8221; background_position=&#8221;top_left&#8221; background_repeat=&#8221;repeat&#8221; custom_margin=&#8221;|||&#8221; custom_padding=&#8221;|20%||20%&#8221; animation_style=&#8221;zoom&#8221; custom_css_subtitle=&#8221;padding-top:3%;||padding-bottom:2%;&#8221; custom_padding_last_edited=&#8221;on|tablet&#8221; custom_padding_tablet=&#8221;|0px||0px&#8221; title_font_size_last_edited=&#8221;on|phone&#8221; title_font_size_phone=&#8221;29px&#8221; subhead_font_size_last_edited=&#8221;on|desktop&#8221; subhead_font_size_phone=&#8221;16px&#8221;][\/et_pb_fullwidth_header][\/et_pb_section][et_pb_section fb_built=&#8221;1&#8243; _builder_version=&#8221;3.0.106&#8243; custom_padding=&#8221;99px|0px|99px|0px&#8221;][et_pb_row _builder_version=&#8221;3.0.106&#8243;][et_pb_column type=&#8221;4_4&#8243; _builder_version=&#8221;3.0.47&#8243; parallax=&#8221;off&#8221; parallax_method=&#8221;on&#8221;][et_pb_blog fullwidth=&#8221;off&#8221; posts_number=&#8221;10&#8243; include_categories=&#8221;1,12,13,11&#8243; meta_date=&#8221;j. F Y&#8221; show_author=&#8221;off&#8221; offset_number=&#8221;0&#8243; use_overlay=&#8221;on&#8221; masonry_tile_background_color=&#8221;rgba(12,113,195,0)&#8221; _builder_version=&#8221;3.0.106&#8243; border_width_bottom=&#8221;5px&#8221; border_color_bottom=&#8221;#009fe3&#8243; box_shadow_style=&#8221;preset1&#8243; box_shadow_color=&#8221;rgba(0,0,0,0.28)&#8221;][\/et_pb_blog][\/et_pb_column][\/et_pb_row][\/et_pb_section][et_pb_section fb_built=&#8221;1&#8243; background_color=&#8221;rgba(36,61,98,0.67)&#8221; prev_background_color=&#8221;#ffffff&#8221; _builder_version=&#8221;3.0.106&#8243; background_image=&#8221;https:\/\/abacus-controlling.de\/wp-content\/uploads\/2017\/12\/pricing-bg-1.jpg&#8221; background_blend=&#8221;multiply&#8221; top_divider_style=&#8221;slant&#8221; bottom_divider_style=&#8221;slant&#8221; bottom_divider_color=&#8221;#ffffff&#8221; global_module=&#8221;6168&#8243; saved_tabs=&#8221;all&#8221;][et_pb_row custom_padding=&#8221;100px|0px|120px|0px&#8221; _builder_version=&#8221;3.0.106&#8243;][et_pb_column type=&#8221;4_4&#8243; _builder_version=&#8221;3.0.47&#8243; parallax=&#8221;off&#8221; parallax_method=&#8221;on&#8221;][et_pb_text _builder_version=&#8221;3.0.106&#8243; header_font=&#8221;||||||||&#8221; header_3_font=&#8221;|700||on|||||&#8221; header_3_text_align=&#8221;center&#8221; header_3_font_size=&#8221;30px&#8221; header_3_text_color=&#8221;#ffffff&#8221;]<\/p>\n<h3>Na\u0161a stru\u010dnost za Va\u0161 uspjeh<\/h3>\n<p>[\/et_pb_text][et_pb_text _builder_version=&#8221;3.0.106&#8243; text_font=&#8221;Lato||||||||&#8221; text_text_color=&#8221;#ffffff&#8221; text_line_height=&#8221;2em&#8221; text_orientation=&#8221;center&#8221; custom_margin=&#8221;|20px||20px&#8221; custom_padding=&#8221;|20px||20px&#8221;]<\/p>\n<p>Imate pitanje ? Trebate cjelovit konzalting koncept ? Nazovite nas:<\/p>\n<p>[\/et_pb_text][et_pb_button button_url=&#8221;tel:071190122928&#8243; button_text=&#8221;+49 711 901229-28&#8243; button_alignment=&#8221;center&#8221; _builder_version=&#8221;3.0.106&#8243; custom_button=&#8221;on&#8221; button_text_color=&#8221;#ffffff&#8221; button_border_radius=&#8221;0px&#8221; button_font=&#8221;||||||||&#8221; button_icon=&#8221;%%264%%&#8221; button_icon_placement=&#8221;left&#8221; button_text_color_hover=&#8221;#ffffff&#8221; button_bg_color_hover=&#8221;rgba(0,0,0,0.25)&#8221; button_border_color_hover=&#8221;#ffffff&#8221; animation_style=&#8221;zoom&#8221;][\/et_pb_button][\/et_pb_column][\/et_pb_row][\/et_pb_section][et_pb_section fb_built=&#8221;1&#8243; disabled_on=&#8221;on|on|on&#8221; module_id=&#8221;existenz&#8221; _builder_version=&#8221;3.0.106&#8243;][et_pb_row custom_padding=&#8221;|||&#8221; custom_margin=&#8221;55px|||&#8221; _builder_version=&#8221;3.0.106&#8243;][et_pb_column type=&#8221;1_2&#8243; _builder_version=&#8221;3.0.47&#8243; parallax=&#8221;off&#8221; parallax_method=&#8221;on&#8221;][et_pb_image src=&#8221;https:\/\/abacus-controlling.de\/wp-content\/uploads\/2018\/10\/abacus_controlling_footer.jpg&#8221; _builder_version=&#8221;3.0.106&#8243;][\/et_pb_image][\/et_pb_column][et_pb_column type=&#8221;1_2&#8243; _builder_version=&#8221;3.0.47&#8243; parallax=&#8221;off&#8221; parallax_method=&#8221;on&#8221;][et_pb_text _builder_version=&#8221;3.0.106&#8243; text_font=&#8221;Montserrat||||||||&#8221; text_font_size=&#8221;26px&#8221; header_font=&#8221;||||||||&#8221; header_2_font=&#8221;|700|||||||&#8221; header_2_text_align=&#8221;left&#8221; header_2_font_size=&#8221;30px&#8221; header_2_text_color=&#8221;#243d62&#8243; header_3_font=&#8221;|600|||||||&#8221; header_3_text_align=&#8221;left&#8221; header_3_text_color=&#8221;#243d62&#8243; text_orientation=&#8221;center&#8221; custom_margin=&#8221;|||&#8221; custom_padding=&#8221;|||&#8221; locked=&#8221;off&#8221;]<\/p>\n<h2>Leistungen bei Existenzgr\u00fcndung<\/h2>\n<p>[\/et_pb_text][et_pb_blurb title=&#8221;Erstellung eines Business-Plans&#8221; use_icon=&#8221;on&#8221; font_icon=&#8221;%%54%%&#8221; icon_placement=&#8221;left&#8221; _builder_version=&#8221;3.0.106&#8243; header_font=&#8221;||||||||&#8221; header_line_height=&#8221;1.4em&#8221; custom_margin=&#8221;0px||0px|&#8221; custom_padding=&#8221;0px||0px|&#8221;][\/et_pb_blurb][et_pb_blurb title=&#8221;Beratung zur Rechtsform&#8221; use_icon=&#8221;on&#8221; font_icon=&#8221;%%54%%&#8221; icon_placement=&#8221;left&#8221; _builder_version=&#8221;3.0.106&#8243; header_font=&#8221;||||||||&#8221; header_line_height=&#8221;1.4em&#8221; custom_margin=&#8221;0px||0px|&#8221; custom_padding=&#8221;0px||0px|&#8221;][\/et_pb_blurb][et_pb_blurb title=&#8221;Kl\u00e4rung von F\u00f6rderm\u00f6glichkeiten&#8221; use_icon=&#8221;on&#8221; font_icon=&#8221;%%54%%&#8221; icon_placement=&#8221;left&#8221; _builder_version=&#8221;3.0.106&#8243; header_font=&#8221;||||||||&#8221; header_line_height=&#8221;1.4em&#8221; custom_margin=&#8221;0px||0px|&#8221; custom_padding=&#8221;0px||0px|&#8221;][\/et_pb_blurb][et_pb_blurb title=&#8221;Hilfe bei der Gewerbeanmeldung&#8221; use_icon=&#8221;on&#8221; font_icon=&#8221;%%54%%&#8221; icon_placement=&#8221;left&#8221; _builder_version=&#8221;3.0.106&#8243; header_font=&#8221;||||||||&#8221; header_line_height=&#8221;1.4em&#8221; custom_margin=&#8221;0px||0px|&#8221; custom_padding=&#8221;0px||0px|&#8221;][\/et_pb_blurb][et_pb_blurb title=&#8221;Bei Bedarf Begleitung zu Terminen bei Beh\u00f6rden und Banken&#8221; use_icon=&#8221;on&#8221; font_icon=&#8221;%%54%%&#8221; icon_placement=&#8221;left&#8221; _builder_version=&#8221;3.0.106&#8243; header_font=&#8221;||||||||&#8221; header_line_height=&#8221;1.4em&#8221;][\/et_pb_blurb][\/et_pb_column][\/et_pb_row][\/et_pb_section][et_pb_section fb_built=&#8221;1&#8243; background_color=&#8221;rgba(52,55,71,0.95)&#8221; module_class=&#8221;tax tax9&#8243; prev_background_color=&#8221;#ffffff&#8221; _builder_version=&#8221;3.0.106&#8243; background_image=&#8221;https:\/\/abacus-controlling.de\/wp-content\/uploads\/2018\/10\/abacus_controlling_stuttgart-section.jpg&#8221; background_blend=&#8221;overlay&#8221; custom_padding=&#8221;160px|0px|100px|0px&#8221; custom_padding_tablet=&#8221;0px|0px|0px|0px&#8221; top_divider_style=&#8221;arrow&#8221; top_divider_height=&#8221;45px&#8221; top_divider_flip=&#8221;vertical&#8221; transparent_background=&#8221;off&#8221; global_module=&#8221;6169&#8243; saved_tabs=&#8221;all&#8221;][et_pb_row use_custom_gutter=&#8221;on&#8221; gutter_width=&#8221;2&#8243; custom_padding=&#8221;3vw||0|&#8221; column_padding_mobile=&#8221;on&#8221; parallax_method_1=&#8221;off&#8221; custom_padding_last_edited=&#8221;on|desktop&#8221; _builder_version=&#8221;3.0.106&#8243; background_size=&#8221;initial&#8221; background_position=&#8221;top_left&#8221; background_repeat=&#8221;repeat&#8221;][et_pb_column type=&#8221;1_3&#8243; _builder_version=&#8221;3.0.47&#8243; column_padding_mobile=&#8221;on&#8221; parallax=&#8221;off&#8221; parallax_method=&#8221;off&#8221;][et_pb_cta title=&#8221;ADRESA&#8221; use_background_color=&#8221;off&#8221; admin_label=&#8221;Call us&#8221; _builder_version=&#8221;3.0.106&#8243; header_font=&#8221;|700|||||||&#8221; header_font_size=&#8221;21px&#8221; header_font_size_tablet=&#8221;30&#8243; header_font_size_phone=&#8221;26&#8243; header_font_size_last_edited=&#8221;on|phone&#8221; header_text_color=&#8221;#ffffff&#8221; header_line_height=&#8221;1.2em&#8221; body_font=&#8221;||||||||&#8221; body_text_color=&#8221;#ffffff&#8221; body_line_height=&#8221;1.8em&#8221; background_size=&#8221;initial&#8221; background_position=&#8221;top_left&#8221; background_repeat=&#8221;repeat&#8221; text_orientation=&#8221;left&#8221; custom_margin=&#8221;NaNpx|||&#8221; custom_padding=&#8221;|||&#8221; animation_style=&#8221;zoom&#8221; use_border_color=&#8221;off&#8221; border_color=&#8221;#ffffff&#8221; border_style=&#8221;solid&#8221;]<\/p>\n<p>Silberburgstr 126<br \/>\n70176 Stuttgart<\/p>\n<p>[\/et_pb_cta][\/et_pb_column][et_pb_column type=&#8221;1_3&#8243; _builder_version=&#8221;3.0.47&#8243; column_padding_mobile=&#8221;on&#8221; parallax=&#8221;off&#8221; parallax_method=&#8221;on&#8221;][et_pb_cta title=&#8221;TELEFON&#8221; use_background_color=&#8221;off&#8221; admin_label=&#8221;Call us&#8221; _builder_version=&#8221;3.0.106&#8243; header_font=&#8221;|700|||||||&#8221; header_font_size=&#8221;21px&#8221; header_font_size_tablet=&#8221;30&#8243; header_font_size_phone=&#8221;26&#8243; header_font_size_last_edited=&#8221;on|phone&#8221; header_text_color=&#8221;#ffffff&#8221; header_line_height=&#8221;1.2em&#8221; body_font=&#8221;||||||||&#8221; body_text_color=&#8221;#ffffff&#8221; body_line_height=&#8221;1.8em&#8221; background_size=&#8221;initial&#8221; background_position=&#8221;top_left&#8221; background_repeat=&#8221;repeat&#8221; text_orientation=&#8221;left&#8221; custom_margin=&#8221;NaNpx|||&#8221; custom_padding=&#8221;|||&#8221; animation_style=&#8221;zoom&#8221; use_border_color=&#8221;off&#8221; border_color=&#8221;#ffffff&#8221; border_style=&#8221;solid&#8221;]<\/p>\n<p>Centrala:<br \/> +49 711 901229-0<\/p>\n<p>Direktna linija:<br \/> +49 711 901229-28<\/p>\n<p>[\/et_pb_cta][\/et_pb_column][et_pb_column type=&#8221;1_3&#8243; _builder_version=&#8221;3.0.47&#8243; column_padding_mobile=&#8221;on&#8221; parallax=&#8221;off&#8221; parallax_method=&#8221;on&#8221;][et_pb_cta title=&#8221;E-MAIL&#8221; use_background_color=&#8221;off&#8221; admin_label=&#8221;Call us&#8221; _builder_version=&#8221;3.0.106&#8243; header_font=&#8221;|700|||||||&#8221; header_font_size=&#8221;21px&#8221; header_font_size_tablet=&#8221;30&#8243; header_font_size_phone=&#8221;26&#8243; header_font_size_last_edited=&#8221;on|phone&#8221; header_text_color=&#8221;#ffffff&#8221; header_line_height=&#8221;1.2em&#8221; body_font=&#8221;||||||||&#8221; body_text_color=&#8221;#ffffff&#8221; body_line_height=&#8221;1.8em&#8221; background_size=&#8221;initial&#8221; background_position=&#8221;top_left&#8221; background_repeat=&#8221;repeat&#8221; text_orientation=&#8221;left&#8221; custom_margin=&#8221;NaNpx|||&#8221; custom_padding=&#8221;|||&#8221; animation_style=&#8221;zoom&#8221; use_border_color=&#8221;off&#8221; border_color=&#8221;#ffffff&#8221; border_style=&#8221;solid&#8221;]<\/p>\n<p>mate.miletic@abacus-controlling.de<\/p>\n<p>[\/et_pb_cta][et_pb_divider height=&#8221;26px&#8221; _builder_version=&#8221;3.0.106&#8243;][\/et_pb_divider][et_pb_cta use_background_color=&#8221;off&#8221; admin_label=&#8221;Call us&#8221; _builder_version=&#8221;3.0.106&#8243; header_font=&#8221;|700|||||||&#8221; header_font_size=&#8221;21px&#8221; header_font_size_tablet=&#8221;30&#8243; header_font_size_phone=&#8221;26&#8243; header_font_size_last_edited=&#8221;on|phone&#8221; header_text_color=&#8221;#ffffff&#8221; header_line_height=&#8221;1.2em&#8221; body_font=&#8221;||||||||&#8221; body_text_color=&#8221;#ffffff&#8221; body_line_height=&#8221;1.8em&#8221; background_size=&#8221;initial&#8221; background_position=&#8221;top_left&#8221; background_repeat=&#8221;repeat&#8221; text_orientation=&#8221;left&#8221; custom_margin=&#8221;NaNpx|||&#8221; custom_padding=&#8221;|||&#8221; use_border_color=&#8221;off&#8221; border_color=&#8221;#ffffff&#8221; border_style=&#8221;solid&#8221;]<\/p>\n<p><span style=\"color: #ffffff;\"><a href=\"\/impressum\" style=\"color: #ffffff;\">Impressum<\/a> | <a href=\"\/datenschutz\" style=\"color: #ffffff;\">Datenschutz<\/a><\/span><\/p>\n<p>[\/et_pb_cta][\/et_pb_column][\/et_pb_row][\/et_pb_section]<\/p>\n","protected":false},"excerpt":{"rendered":"<p>Na\u0161a stru\u010dnost za Va\u0161 uspjehImate pitanje ? Trebate cjelovit konzalting koncept ? Nazovite nas:Leistungen bei Existenzgr\u00fcndung Silberburgstr 126 70176 StuttgartCentrala: +49 711 901229-0 Direktna linija: +49 711 901229-28mate.miletic@abacus-controlling.deImpressum | Datenschutz<\/p>\n","protected":false},"author":9,"featured_media":0,"parent":0,"menu_order":0,"comment_status":"closed","ping_status":"closed","template":"","meta":{"_et_pb_use_builder":"on","_et_pb_old_content":"[et_pb_section bb_built=\"1\" background_color=\"rgba(52,55,71,0.82)\" fullwidth=\"on\" _builder_version=\"3.0.106\" background_image=\"https:\/\/abacus-controlling.de\/wp-content\/uploads\/2018\/10\/Fotolia_205743520_Subscription_Monthly_M.jpg\" background_blend=\"overlay\" bottom_divider_style=\"arrow\" bottom_divider_color=\"#ffffff\" bottom_divider_height=\"153px\" next_background_color=\"#ffffff\"][et_pb_fullwidth_header title=\"Aktuelles\" subhead=\"Hier m\u00f6chten wir Sie \u00fcber die wichtigsten \u00c4nderungen in Gesetzgebung und Rechtsprechung informieren\" background_layout=\"dark\" header_fullscreen=\"on\" header_scroll_down=\"on\" scroll_down_icon_color=\"#ffffff\" _builder_version=\"3.0.106\" title_font=\"|700|||||||\" title_text_align=\"center\" title_font_size=\"70px\" content_font=\"||||||||\" content_text_align=\"center\" subhead_font=\"||||||||\" subhead_text_align=\"center\" subhead_font_size=\"22px\" subhead_text_color=\"#0697D6\" subhead_text_shadow_style=\"preset1\" background_size=\"initial\" background_position=\"top_left\" background_repeat=\"repeat\" custom_margin=\"|||\" custom_padding=\"|20%||20%\" custom_css_subtitle=\"padding-top:3%;||padding-bottom:2%;\" animation_style=\"zoom\" \/][\/et_pb_section][et_pb_section bb_built=\"1\" _builder_version=\"3.0.106\" custom_padding=\"99px|0px|99px|0px\" prev_background_color=\"rgba(52,55,71,0.82)\" next_background_color=\"rgba(36,61,98,0.67)\"][et_pb_row _builder_version=\"3.0.106\"][et_pb_column type=\"4_4\"][et_pb_blog fullwidth=\"off\" posts_number=\"10\" include_categories=\"1,12,13,11\" meta_date=\"j. F Y\" show_author=\"off\" offset_number=\"0\" use_overlay=\"on\" masonry_tile_background_color=\"rgba(12,113,195,0)\" _builder_version=\"3.0.106\" border_width_bottom=\"5px\" border_color_bottom=\"#009fe3\" box_shadow_style=\"preset1\" box_shadow_color=\"rgba(0,0,0,0.28)\" \/][\/et_pb_column][\/et_pb_row][\/et_pb_section][et_pb_section bb_built=\"1\" background_color=\"rgba(36,61,98,0.67)\" prev_background_color=\"#ffffff\" _builder_version=\"3.0.106\" background_image=\"https:\/\/abacus-controlling.de\/wp-content\/uploads\/2017\/12\/pricing-bg-1.jpg\" background_blend=\"multiply\" top_divider_style=\"slant\" bottom_divider_style=\"slant\" bottom_divider_color=\"#ffffff\" next_background_color=\"#ffffff\" global_module=\"480\"][et_pb_row global_parent=\"480\" custom_padding=\"100px|0px|120px|0px\" _builder_version=\"3.0.106\"][et_pb_column type=\"4_4\"][et_pb_text global_parent=\"480\" _builder_version=\"3.0.106\" header_font=\"||||||||\" header_3_font=\"|700||on|||||\" header_3_text_align=\"center\" header_3_font_size=\"30px\" header_3_text_color=\"#ffffff\"]\r\n\r\n<h3>MIT KOMPETENZ UND PASSION F\u00dcR IHREN ERFOLG<\/h3>\r\n\r\n[\/et_pb_text][et_pb_text global_parent=\"480\" _builder_version=\"3.0.106\" text_font=\"Lato||||||||\" text_text_color=\"#ffffff\" text_line_height=\"2em\" text_orientation=\"center\" custom_margin=\"|20px||20px\" custom_padding=\"|20px||20px\"]\r\n\r\n<p>Haben Sie Fragen? Ben\u00f6tigen ein ganzheitliches Beratungskonzept? Rufen Sie uns jetzt an:<\/p>\r\n\r\n[\/et_pb_text][et_pb_button global_parent=\"480\" button_url=\"tel:071190122928\" button_text=\"+49 711 901229-28\" button_alignment=\"center\" _builder_version=\"3.0.106\" custom_button=\"on\" button_text_color=\"#ffffff\" button_border_radius=\"0px\" button_font=\"||||||||\" button_icon=\"%%264%%\" button_icon_placement=\"left\" button_text_color_hover=\"#ffffff\" button_bg_color_hover=\"rgba(0,0,0,0.25)\" button_border_color_hover=\"#ffffff\" animation_style=\"zoom\" \/][\/et_pb_column][\/et_pb_row][\/et_pb_section][et_pb_section bb_built=\"1\" module_id=\"existenz\" _builder_version=\"3.0.106\" prev_background_color=\"rgba(36,61,98,0.67)\" next_background_color=\"rgba(52,55,71,0.95)\"][et_pb_row custom_padding=\"|||\" custom_margin=\"55px|||\" _builder_version=\"3.0.106\"][et_pb_column type=\"1_2\"][et_pb_image src=\"https:\/\/abacus-controlling.de\/wp-content\/uploads\/2018\/10\/abacus_controlling_footer.jpg\" _builder_version=\"3.0.106\" \/][\/et_pb_column][et_pb_column type=\"1_2\"][et_pb_text _builder_version=\"3.0.106\" text_font=\"Montserrat||||||||\" text_font_size=\"26px\" header_font=\"||||||||\" header_2_font=\"|700|||||||\" header_2_text_align=\"left\" header_2_font_size=\"30px\" header_2_text_color=\"#243d62\" header_3_font=\"|600|||||||\" header_3_text_align=\"left\" header_3_text_color=\"#243d62\" text_orientation=\"center\" custom_margin=\"|||\" custom_padding=\"|||\" locked=\"off\"]\r\n\r\n<h2>Leistungen bei Existenzgr\u00fcndung<\/h2>\r\n\r\n[\/et_pb_text][et_pb_blurb title=\"Erstellung eines Business-Plans\" use_icon=\"on\" font_icon=\"%%54%%\" icon_placement=\"left\" _builder_version=\"3.0.106\" header_font=\"||||||||\" header_line_height=\"1.4em\" custom_margin=\"0px||0px|\" custom_padding=\"0px||0px|\" \/][et_pb_blurb title=\"Beratung zur Rechtsform\" use_icon=\"on\" font_icon=\"%%54%%\" icon_placement=\"left\" _builder_version=\"3.0.106\" header_font=\"||||||||\" header_line_height=\"1.4em\" custom_margin=\"0px||0px|\" custom_padding=\"0px||0px|\" \/][et_pb_blurb title=\"Kl\u00e4rung von F\u00f6rderm\u00f6glichkeiten\" use_icon=\"on\" font_icon=\"%%54%%\" icon_placement=\"left\" _builder_version=\"3.0.106\" header_font=\"||||||||\" header_line_height=\"1.4em\" custom_margin=\"0px||0px|\" custom_padding=\"0px||0px|\" \/][et_pb_blurb title=\"Hilfe bei der Gewerbeanmeldung\" use_icon=\"on\" font_icon=\"%%54%%\" icon_placement=\"left\" _builder_version=\"3.0.106\" header_font=\"||||||||\" header_line_height=\"1.4em\" custom_margin=\"0px||0px|\" custom_padding=\"0px||0px|\" \/][et_pb_blurb title=\"Bei Bedarf Begleitung zu Terminen bei Beh\u00f6rden und Banken\" use_icon=\"on\" font_icon=\"%%54%%\" icon_placement=\"left\" _builder_version=\"3.0.106\" header_font=\"||||||||\" header_line_height=\"1.4em\" \/][\/et_pb_column][\/et_pb_row][\/et_pb_section][et_pb_section bb_built=\"1\" background_color=\"rgba(52,55,71,0.95)\" module_class=\"tax tax9\" prev_background_color=\"#ffffff\" _builder_version=\"3.0.106\" background_image=\"https:\/\/abacus-controlling.de\/wp-content\/uploads\/2018\/10\/abacus_controlling_stuttgart-section.jpg\" background_blend=\"overlay\" custom_padding=\"160px|0px|100px|0px\" custom_padding_tablet=\"0px|0px|0px|0px\" top_divider_style=\"arrow\" top_divider_height=\"45px\" top_divider_flip=\"vertical\" transparent_background=\"off\" saved_tabs=\"all\" global_module=\"5828\"][et_pb_row global_parent=\"5828\" use_custom_gutter=\"on\" gutter_width=\"2\" custom_padding=\"3vw||0|\" column_padding_mobile=\"on\" parallax_method_1=\"off\" custom_padding_last_edited=\"on|desktop\" _builder_version=\"3.0.106\" background_size=\"initial\" background_position=\"top_left\" background_repeat=\"repeat\"][et_pb_column type=\"1_3\"][et_pb_cta admin_label=\"Call us\" global_parent=\"5828\" title=\"ADRESSE\" use_background_color=\"off\" _builder_version=\"3.0.106\" header_font=\"|700|||||||\" header_font_size=\"21px\" header_font_size_tablet=\"30\" header_font_size_phone=\"26\" header_font_size_last_edited=\"on|phone\" header_text_color=\"#ffffff\" header_line_height=\"1.2em\" body_font=\"||||||||\" body_text_color=\"#ffffff\" body_line_height=\"1.8em\" background_size=\"initial\" background_position=\"top_left\" background_repeat=\"repeat\" text_orientation=\"left\" custom_margin=\"NaNpx|||\" custom_padding=\"|||\" use_border_color=\"off\" border_color=\"#ffffff\" border_style=\"solid\" animation_style=\"zoom\"]\r\n\r\nSilberburgstr 126\r\n70176 Stuttgart\r\n\r\n[\/et_pb_cta][\/et_pb_column][et_pb_column type=\"1_3\"][et_pb_cta admin_label=\"Call us\" global_parent=\"5828\" title=\"TELEFON\" use_background_color=\"off\" _builder_version=\"3.0.106\" header_font=\"|700|||||||\" header_font_size=\"21px\" header_font_size_tablet=\"30\" header_font_size_phone=\"26\" header_font_size_last_edited=\"on|phone\" header_text_color=\"#ffffff\" header_line_height=\"1.2em\" body_font=\"||||||||\" body_text_color=\"#ffffff\" body_line_height=\"1.8em\" background_size=\"initial\" background_position=\"top_left\" background_repeat=\"repeat\" text_orientation=\"left\" custom_margin=\"NaNpx|||\" custom_padding=\"|||\" use_border_color=\"off\" border_color=\"#ffffff\" border_style=\"solid\" animation_style=\"zoom\"]\r\n\r\nZentrale:\r\n +49 711 901229-0\r\n\r\nDirektdurchwahl :\r\n+49 711 901229-28\r\n\r\n[\/et_pb_cta][\/et_pb_column][et_pb_column type=\"1_3\"][et_pb_cta admin_label=\"Call us\" global_parent=\"5828\" title=\"EMAIL\" use_background_color=\"off\" _builder_version=\"3.0.106\" header_font=\"|700|||||||\" header_font_size=\"21px\" header_font_size_tablet=\"30\" header_font_size_phone=\"26\" header_font_size_last_edited=\"on|phone\" header_text_color=\"#ffffff\" header_line_height=\"1.2em\" body_font=\"||||||||\" body_text_color=\"#ffffff\" body_line_height=\"1.8em\" background_size=\"initial\" background_position=\"top_left\" background_repeat=\"repeat\" text_orientation=\"left\" custom_margin=\"NaNpx|||\" custom_padding=\"|||\" use_border_color=\"off\" border_color=\"#ffffff\" border_style=\"solid\" animation_style=\"zoom\"]\r\n\r\n<p>mate.miletic@abacus-controlling.de<\/p>\r\n\r\n[\/et_pb_cta][et_pb_divider global_parent=\"5828\" height=\"26px\" _builder_version=\"3.0.106\" \/][et_pb_cta admin_label=\"Call us\" global_parent=\"5828\" use_background_color=\"off\" _builder_version=\"3.0.106\" header_font=\"|700|||||||\" header_font_size=\"21px\" header_font_size_tablet=\"30\" header_font_size_phone=\"26\" header_font_size_last_edited=\"on|phone\" header_text_color=\"#ffffff\" header_line_height=\"1.2em\" body_font=\"||||||||\" body_text_color=\"#ffffff\" body_line_height=\"1.8em\" background_size=\"initial\" background_position=\"top_left\" background_repeat=\"repeat\" text_orientation=\"left\" custom_margin=\"NaNpx|||\" custom_padding=\"|||\" use_border_color=\"off\" border_color=\"#ffffff\" border_style=\"solid\"]\r\n\r\n<p><span style=\"color: #ffffff;\"><a href=\"\/impressum\" style=\"color: #ffffff;\">Impressum<\/a> | <a href=\"\/datenschutz\" style=\"color: #ffffff;\">Datenschutz<\/a><\/span><\/p>\r\n\r\n[\/et_pb_cta][\/et_pb_column][\/et_pb_row][\/et_pb_section]","_et_gb_content_width":"","footnotes":""},"_links":{"self":[{"href":"https:\/\/abacus-controlling.de\/hr\/wp-json\/wp\/v2\/pages\/6165"}],"collection":[{"href":"https:\/\/abacus-controlling.de\/hr\/wp-json\/wp\/v2\/pages"}],"about":[{"href":"https:\/\/abacus-controlling.de\/hr\/wp-json\/wp\/v2\/types\/page"}],"author":[{"embeddable":true,"href":"https:\/\/abacus-controlling.de\/hr\/wp-json\/wp\/v2\/users\/9"}],"replies":[{"embeddable":true,"href":"https:\/\/abacus-controlling.de\/hr\/wp-json\/wp\/v2\/comments?post=6165"}],"version-history":[{"count":5,"href":"https:\/\/abacus-controlling.de\/hr\/wp-json\/wp\/v2\/pages\/6165\/revisions"}],"predecessor-version":[{"id":6331,"href":"https:\/\/abacus-controlling.de\/hr\/wp-json\/wp\/v2\/pages\/6165\/revisions\/6331"}],"wp:attachment":[{"href":"https:\/\/abacus-controlling.de\/hr\/wp-json\/wp\/v2\/media?parent=6165"}],"curies":[{"name":"wp","href":"https:\/\/api.w.org\/{rel}","templated":true}]}}