{"id":6175,"date":"2018-11-15T10:28:48","date_gmt":"2018-11-15T09:28:48","guid":{"rendered":"https:\/\/abacus-controlling.de\/?page_id=6175"},"modified":"2018-11-16T10:53:36","modified_gmt":"2018-11-16T09:53:36","slug":"kontakt","status":"publish","type":"page","link":"https:\/\/abacus-controlling.de\/hr\/kontakt\/","title":{"rendered":"Kontakt"},"content":{"rendered":"<p>[et_pb_section fb_built=&#8221;1&#8243; background_color=&#8221;rgba(22,30,71,0.63)&#8221; fullwidth=&#8221;on&#8221; disabled_on=&#8221;on|on|on&#8221; _builder_version=&#8221;3.0.106&#8243; background_image=&#8221;https:\/\/abacus-controlling.de\/wp-content\/uploads\/2018\/10\/abacus_buchhaltung.jpg&#8221; background_blend=&#8221;overlay&#8221; bottom_divider_style=&#8221;arrow&#8221; bottom_divider_color=&#8221;#ffffff&#8221; bottom_divider_height=&#8221;153px&#8221;][et_pb_fullwidth_header title=&#8221;KONTAKT&#8221; subhead=&#8221;ABACUS CONTROLLING VA\u0160 OSOBNI SAVJETNIK &#8221; background_layout=&#8221;dark&#8221; header_fullscreen=&#8221;on&#8221; header_scroll_down=&#8221;on&#8221; scroll_down_icon_color=&#8221;#ffffff&#8221; _builder_version=&#8221;3.0.106&#8243; title_font=&#8221;|700|||||||&#8221; title_text_align=&#8221;center&#8221; title_font_size=&#8221;70px&#8221; content_font=&#8221;||||||||&#8221; subhead_font=&#8221;||||||||&#8221; subhead_text_align=&#8221;center&#8221; subhead_font_size=&#8221;22px&#8221; subhead_text_color=&#8221;#0697D6&#8243; subhead_text_shadow_style=&#8221;preset1&#8243; custom_margin=&#8221;|||&#8221; custom_padding=&#8221;|20%||20%&#8221; custom_css_subtitle=&#8221;padding-top:3%;||padding-bottom:15%;&#8221;][\/et_pb_fullwidth_header][\/et_pb_section][et_pb_section fb_built=&#8221;1&#8243; background_color=&#8221;rgba(22,30,71,0.63)&#8221; fullwidth=&#8221;on&#8221; _builder_version=&#8221;3.0.106&#8243; background_blend=&#8221;overlay&#8221; custom_padding=&#8221;0px|0px|0|0px&#8221; bottom_divider_style=&#8221;arrow&#8221; bottom_divider_color=&#8221;#ffffff&#8221; bottom_divider_height=&#8221;153px&#8221;][et_pb_fullwidth_map address=&#8221;Silberburgstra\u00dfe 126, 70176 Stuttgart, Germany&#8221; address_lat=&#8221;48.7756108&#8243; address_lng=&#8221;9.1651489&#8243; mouse_wheel=&#8221;off&#8221; _builder_version=&#8221;3.0.106&#8243;][et_pb_map_pin pin_address=&#8221;Silberburgstra\u00dfe 126, 70176 Stuttgart, Germany&#8221; pin_address_lat=&#8221;48.7756108&#8243; pin_address_lng=&#8221;9.1651489&#8243; _builder_version=&#8221;3.0.106&#8243;][\/et_pb_map_pin][\/et_pb_fullwidth_map][\/et_pb_section][et_pb_section fb_built=&#8221;1&#8243; _builder_version=&#8221;3.0.106&#8243; custom_padding=&#8221;47px||11px|&#8221;][et_pb_row _builder_version=&#8221;3.0.106&#8243;][et_pb_column type=&#8221;4_4&#8243; _builder_version=&#8221;3.0.47&#8243; parallax=&#8221;off&#8221; parallax_method=&#8221;on&#8221;][et_pb_text _builder_version=&#8221;3.0.106&#8243; text_font=&#8221;Montserrat||||||||&#8221; text_font_size=&#8221;26px&#8221; header_font=&#8221;||||||||&#8221; header_2_font=&#8221;|700|||||||&#8221; header_2_font_size=&#8221;30px&#8221; header_2_text_color=&#8221;#243d62&#8243; text_orientation=&#8221;center&#8221; custom_margin=&#8221;|||&#8221; custom_padding=&#8221;|||&#8221;]<\/p>\n<h2>Kontaktirajte nas<\/h2>\n<p>[\/et_pb_text][\/et_pb_column][\/et_pb_row][et_pb_row custom_padding=&#8221;17px|0px|8px|0px&#8221; _builder_version=&#8221;3.0.106&#8243;][et_pb_column type=&#8221;4_4&#8243; _builder_version=&#8221;3.0.47&#8243; parallax=&#8221;off&#8221; parallax_method=&#8221;on&#8221;][et_pb_contact_form captcha=&#8221;off&#8221; email=&#8221;mate.miletic@abacus-controlling.de&#8221; custom_message=&#8221;Vor und Nachname: %%Name%%||et_pb_line_break_holder||email: %%Email%%||et_pb_line_break_holder||tel:%%Telefon%%||et_pb_line_break_holder||||et_pb_line_break_holder||Nachricht: %%Message%% ||et_pb_line_break_holder||||et_pb_line_break_holder||Ich stimme zu, dass meine Angaben aus dem Kontaktformular zur Beantwortung meiner Anfrage erhoben und verarbeitet werden. %%stimme%%. &#8221; submit_button_text=&#8221;Po\u0161alji&#8221; form_background_color=&#8221;rgba(36,61,98,0.51)&#8221; module_id=&#8221;et_pb_contact_form_0&#8243; _builder_version=&#8221;3.0.106&#8243; title_font=&#8221;|800||on|||||&#8221; title_text_align=&#8221;center&#8221; title_font_size=&#8221;26px&#8221; title_text_color=&#8221;#243D62&#8243; form_field_font=&#8221;||||||||&#8221; form_field_text_color=&#8221;#ffffff&#8221; custom_button=&#8221;on&#8221; button_text_size=&#8221;19px&#8221; button_border_radius=&#8221;0px&#8221; button_font=&#8221;||||||||&#8221;][et_pb_contact_field field_id=&#8221;Name&#8221; field_title=&#8221;Ime i prezime&#8221; fullwidth_field=&#8221;on&#8221; _builder_version=&#8221;3.0.106&#8243; border_radii=&#8221;on||||&#8221;][\/et_pb_contact_field][et_pb_contact_field field_id=&#8221;E-mail&#8221; field_title=&#8221;E-Mail&#8221; field_type=&#8221;email&#8221; _builder_version=&#8221;3.0.106&#8243; form_field_font=&#8221;||||||||&#8221;][\/et_pb_contact_field][et_pb_contact_field field_id=&#8221;Telefon&#8221; field_title=&#8221;Telefon&#8221; _builder_version=&#8221;3.0.106&#8243; form_field_font=&#8221;||||||||&#8221;][\/et_pb_contact_field][et_pb_contact_field field_id=&#8221;Message&#8221; field_title=&#8221;Va\u0161a poruka&#8221; field_type=&#8221;text&#8221; fullwidth_field=&#8221;on&#8221; _builder_version=&#8221;3.0.106&#8243; border_radii=&#8221;on||||&#8221;][\/et_pb_contact_field][et_pb_contact_field field_id=&#8221;stimme&#8221; field_title=&#8221;Sla\u017eem se da \u0107e se moji podaci iz kontakt obrasca prikupljati i obra\u0111ivati kako bi odgovorili na moj zahtjev.&#8221; field_type=&#8221;checkbox&#8221; checkbox_options=&#8221;%91{%22value%22:%22Sla\u017eem se%22,%22checked%22:0,%22dragID%22:0}%93&#8243; fullwidth_field=&#8221;on&#8221; _builder_version=&#8221;3.0.106&#8243; form_field_font=&#8221;||||||||&#8221; form_field_text_color=&#8221;#243D62&#8243; max_width=&#8221;90%&#8221;][\/et_pb_contact_field][\/et_pb_contact_form][et_pb_text _builder_version=&#8221;3.0.106&#8243; text_font=&#8221;||||||||&#8221; text_font_size=&#8221;12px&#8221; custom_margin=&#8221;0px|||&#8221; custom_padding=&#8221;0px|||&#8221;]<\/p>\n<p><span>Detaljne informacije o kori\u0161tenju korisni\u010dkih podataka mo\u017eete prona\u0107i u na\u0161im\u00a0<\/span><strong><a href=\"\/datenschutz\/\" target=\"_blank\" rel=\"noopener noreferrer\">pravilima o privatnosti.<\/a><a href=\"\/dateschuntz\"><\/a><\/strong><\/p>\n<p>[\/et_pb_text][\/et_pb_column][\/et_pb_row][\/et_pb_section][et_pb_section fb_built=&#8221;1&#8243; background_color=&#8221;rgba(52,55,71,0.95)&#8221; module_class=&#8221;tax tax9&#8243; prev_background_color=&#8221;#ffffff&#8221; _builder_version=&#8221;3.0.106&#8243; background_image=&#8221;https:\/\/abacus-controlling.de\/wp-content\/uploads\/2018\/10\/abacus_controlling_stuttgart-section.jpg&#8221; background_blend=&#8221;overlay&#8221; custom_padding=&#8221;160px|0px|100px|0px&#8221; custom_padding_tablet=&#8221;0px|0px|0px|0px&#8221; top_divider_style=&#8221;arrow&#8221; top_divider_height=&#8221;45px&#8221; top_divider_flip=&#8221;vertical&#8221; transparent_background=&#8221;off&#8221; global_module=&#8221;6169&#8243; saved_tabs=&#8221;all&#8221;][et_pb_row use_custom_gutter=&#8221;on&#8221; gutter_width=&#8221;2&#8243; custom_padding=&#8221;3vw||0|&#8221; column_padding_mobile=&#8221;on&#8221; parallax_method_1=&#8221;off&#8221; custom_padding_last_edited=&#8221;on|desktop&#8221; _builder_version=&#8221;3.0.106&#8243; background_size=&#8221;initial&#8221; background_position=&#8221;top_left&#8221; background_repeat=&#8221;repeat&#8221;][et_pb_column type=&#8221;1_3&#8243; _builder_version=&#8221;3.0.47&#8243; column_padding_mobile=&#8221;on&#8221; parallax=&#8221;off&#8221; parallax_method=&#8221;off&#8221;][et_pb_cta title=&#8221;ADRESA&#8221; use_background_color=&#8221;off&#8221; admin_label=&#8221;Call us&#8221; _builder_version=&#8221;3.0.106&#8243; header_font=&#8221;|700|||||||&#8221; header_font_size=&#8221;21px&#8221; header_font_size_tablet=&#8221;30&#8243; header_font_size_phone=&#8221;26&#8243; header_font_size_last_edited=&#8221;on|phone&#8221; header_text_color=&#8221;#ffffff&#8221; header_line_height=&#8221;1.2em&#8221; body_font=&#8221;||||||||&#8221; body_text_color=&#8221;#ffffff&#8221; body_line_height=&#8221;1.8em&#8221; background_size=&#8221;initial&#8221; background_position=&#8221;top_left&#8221; background_repeat=&#8221;repeat&#8221; text_orientation=&#8221;left&#8221; custom_margin=&#8221;NaNpx|||&#8221; custom_padding=&#8221;|||&#8221; animation_style=&#8221;zoom&#8221; use_border_color=&#8221;off&#8221; border_color=&#8221;#ffffff&#8221; border_style=&#8221;solid&#8221;]<\/p>\n<p>Silberburgstr 126<br \/>\n70176 Stuttgart<\/p>\n<p>[\/et_pb_cta][\/et_pb_column][et_pb_column type=&#8221;1_3&#8243; _builder_version=&#8221;3.0.47&#8243; column_padding_mobile=&#8221;on&#8221; parallax=&#8221;off&#8221; parallax_method=&#8221;on&#8221;][et_pb_cta title=&#8221;TELEFON&#8221; use_background_color=&#8221;off&#8221; admin_label=&#8221;Call us&#8221; _builder_version=&#8221;3.0.106&#8243; header_font=&#8221;|700|||||||&#8221; header_font_size=&#8221;21px&#8221; header_font_size_tablet=&#8221;30&#8243; header_font_size_phone=&#8221;26&#8243; header_font_size_last_edited=&#8221;on|phone&#8221; header_text_color=&#8221;#ffffff&#8221; header_line_height=&#8221;1.2em&#8221; body_font=&#8221;||||||||&#8221; body_text_color=&#8221;#ffffff&#8221; body_line_height=&#8221;1.8em&#8221; background_size=&#8221;initial&#8221; background_position=&#8221;top_left&#8221; background_repeat=&#8221;repeat&#8221; text_orientation=&#8221;left&#8221; custom_margin=&#8221;NaNpx|||&#8221; custom_padding=&#8221;|||&#8221; animation_style=&#8221;zoom&#8221; use_border_color=&#8221;off&#8221; border_color=&#8221;#ffffff&#8221; border_style=&#8221;solid&#8221;]<\/p>\n<p>Na\u0161e sjedi\u0161te:<br \/> +49 711 901229-0<\/p>\n<p>Izravno biranje:<br \/> +49 711 901229-28<\/p>\n<p>[\/et_pb_cta][\/et_pb_column][et_pb_column type=&#8221;1_3&#8243; _builder_version=&#8221;3.0.47&#8243; column_padding_mobile=&#8221;on&#8221; parallax=&#8221;off&#8221; parallax_method=&#8221;on&#8221;][et_pb_cta title=&#8221;E-MAIL&#8221; use_background_color=&#8221;off&#8221; admin_label=&#8221;Call us&#8221; _builder_version=&#8221;3.0.106&#8243; header_font=&#8221;|700|||||||&#8221; header_font_size=&#8221;21px&#8221; header_font_size_tablet=&#8221;30&#8243; header_font_size_phone=&#8221;26&#8243; header_font_size_last_edited=&#8221;on|phone&#8221; header_text_color=&#8221;#ffffff&#8221; header_line_height=&#8221;1.2em&#8221; body_font=&#8221;||||||||&#8221; body_text_color=&#8221;#ffffff&#8221; body_line_height=&#8221;1.8em&#8221; background_size=&#8221;initial&#8221; background_position=&#8221;top_left&#8221; background_repeat=&#8221;repeat&#8221; text_orientation=&#8221;left&#8221; custom_margin=&#8221;NaNpx|||&#8221; custom_padding=&#8221;|||&#8221; animation_style=&#8221;zoom&#8221; use_border_color=&#8221;off&#8221; border_color=&#8221;#ffffff&#8221; border_style=&#8221;solid&#8221;]<\/p>\n<p>mate.miletic@abacus-controlling.de<\/p>\n<p>[\/et_pb_cta][et_pb_divider height=&#8221;26px&#8221; _builder_version=&#8221;3.0.106&#8243;][\/et_pb_divider][et_pb_cta use_background_color=&#8221;off&#8221; admin_label=&#8221;Call us&#8221; _builder_version=&#8221;3.0.106&#8243; header_font=&#8221;|700|||||||&#8221; header_font_size=&#8221;21px&#8221; header_font_size_tablet=&#8221;30&#8243; header_font_size_phone=&#8221;26&#8243; header_font_size_last_edited=&#8221;on|phone&#8221; header_text_color=&#8221;#ffffff&#8221; header_line_height=&#8221;1.2em&#8221; body_font=&#8221;||||||||&#8221; body_text_color=&#8221;#ffffff&#8221; body_line_height=&#8221;1.8em&#8221; background_size=&#8221;initial&#8221; background_position=&#8221;top_left&#8221; background_repeat=&#8221;repeat&#8221; text_orientation=&#8221;left&#8221; custom_margin=&#8221;NaNpx|||&#8221; custom_padding=&#8221;|||&#8221; use_border_color=&#8221;off&#8221; border_color=&#8221;#ffffff&#8221; border_style=&#8221;solid&#8221;]<\/p>\n<p><span style=\"color: #ffffff;\"><a href=\"\/impressum\" style=\"color: #ffffff;\">Impressum<\/a> | <a href=\"\/datenschutz\" style=\"color: #ffffff;\">Datenschutz<\/a><\/span><\/p>\n<p>[\/et_pb_cta][\/et_pb_column][\/et_pb_row][\/et_pb_section]<\/p>\n","protected":false},"excerpt":{"rendered":"<p>Kontaktirajte nasDetaljne informacije o kori\u0161tenju korisni\u010dkih podataka mo\u017eete prona\u0107i u na\u0161im\u00a0pravilima o privatnosti. Silberburgstr 126 70176 StuttgartNa\u0161e sjedi\u0161te: +49 711 901229-0 Izravno biranje: +49 711 901229-28mate.miletic@abacus-controlling.deImpressum | Datenschutz<\/p>\n","protected":false},"author":9,"featured_media":0,"parent":0,"menu_order":0,"comment_status":"closed","ping_status":"closed","template":"","meta":{"_et_pb_use_builder":"on","_et_pb_old_content":"[et_pb_section fb_built=\"1\" background_color=\"rgba(22,30,71,0.63)\" fullwidth=\"on\" disabled_on=\"on|on|on\" _builder_version=\"3.0.106\" background_image=\"https:\/\/abacus-controlling.de\/wp-content\/uploads\/2018\/10\/abacus_buchhaltung.jpg\" background_blend=\"overlay\" bottom_divider_style=\"arrow\" bottom_divider_color=\"#ffffff\" bottom_divider_height=\"153px\"][et_pb_fullwidth_header title=\"KONTAKT\" subhead=\"ABACUS CONTROLLING  IHR PERS\u00d6NLICHER PERFORMANCE BERATER\" background_layout=\"dark\" header_fullscreen=\"on\" header_scroll_down=\"on\" scroll_down_icon_color=\"#ffffff\" _builder_version=\"3.0.106\" title_font=\"|700|||||||\" title_text_align=\"center\" title_font_size=\"70px\" content_font=\"||||||||\" subhead_font=\"||||||||\" subhead_text_align=\"center\" subhead_font_size=\"22px\" subhead_text_color=\"#0697D6\" subhead_text_shadow_style=\"preset1\" custom_margin=\"|||\" custom_padding=\"|20%||20%\" custom_css_subtitle=\"padding-top:3%;||padding-bottom:15%;\"][\/et_pb_fullwidth_header][\/et_pb_section][et_pb_section fb_built=\"1\" background_color=\"rgba(22,30,71,0.63)\" fullwidth=\"on\" _builder_version=\"3.0.106\" background_blend=\"overlay\" custom_padding=\"0px|0px|0|0px\" bottom_divider_style=\"arrow\" bottom_divider_color=\"#ffffff\" bottom_divider_height=\"153px\"][et_pb_fullwidth_map address=\"Silberburgstra\u00dfe 126, 70176 Stuttgart, Germany\" address_lat=\"48.7756108\" address_lng=\"9.1651489\" mouse_wheel=\"off\" _builder_version=\"3.0.106\"][et_pb_map_pin pin_address=\"Silberburgstra\u00dfe 126, 70176 Stuttgart, Germany\" pin_address_lat=\"48.7756108\" pin_address_lng=\"9.1651489\" _builder_version=\"3.0.106\"][\/et_pb_map_pin][\/et_pb_fullwidth_map][\/et_pb_section][et_pb_section fb_built=\"1\" _builder_version=\"3.0.106\" custom_padding=\"47px||11px|\"][et_pb_row _builder_version=\"3.0.106\"][et_pb_column type=\"4_4\" _builder_version=\"3.0.106\" parallax=\"off\" parallax_method=\"on\"][et_pb_text _builder_version=\"3.0.106\" text_font=\"Montserrat||||||||\" text_font_size=\"26px\" header_font=\"||||||||\" header_2_font=\"|700|||||||\" header_2_font_size=\"30px\" header_2_text_color=\"#243d62\" text_orientation=\"center\" custom_margin=\"|||\" custom_padding=\"|||\"]<h2>Kontaktieren Sie Uns<\/h2>[\/et_pb_text][\/et_pb_column][\/et_pb_row][et_pb_row custom_padding=\"17px|0px|8px|0px\" _builder_version=\"3.0.106\"][et_pb_column type=\"4_4\" _builder_version=\"3.0.89\" parallax=\"off\" parallax_method=\"on\"][et_pb_contact_form captcha=\"off\" email=\"mate.miletic@abacus-controlling.de\" custom_message=\"Vor und Nachname: %%Name%%||et_pb_line_break_holder||email: %%Email%%||et_pb_line_break_holder||tel:%%Telefon%%||et_pb_line_break_holder||||et_pb_line_break_holder||Nachricht: %%Message%% ||et_pb_line_break_holder||||et_pb_line_break_holder||Ich stimme zu, dass meine Angaben aus dem Kontaktformular zur Beantwortung meiner Anfrage erhoben und verarbeitet werden. %%stimme%%. \" submit_button_text=\"Senden\" form_background_color=\"rgba(36,61,98,0.51)\" module_id=\"et_pb_contact_form_0\" _builder_version=\"3.0.106\" title_font=\"|800||on|||||\" title_text_align=\"center\" title_font_size=\"26px\" title_text_color=\"#243D62\" form_field_font=\"||||||||\" form_field_text_color=\"#ffffff\" custom_button=\"on\" button_text_size=\"19px\" button_border_radius=\"0px\" button_font=\"||||||||\"][et_pb_contact_field field_id=\"Name\" field_title=\"Vor- und Nachname\" fullwidth_field=\"on\" _builder_version=\"3.0.101\" border_radii=\"on||||\"][\/et_pb_contact_field][et_pb_contact_field field_id=\"Email\" field_title=\"E-Mail\" field_type=\"email\" _builder_version=\"3.0.101\" form_field_font=\"||||||||\"][\/et_pb_contact_field][et_pb_contact_field field_id=\"Telefon\" field_title=\"Telefon\" _builder_version=\"3.0.101\" form_field_font=\"||||||||\"][\/et_pb_contact_field][et_pb_contact_field field_id=\"Message\" field_title=\"Nachricht\" field_type=\"text\" fullwidth_field=\"on\" _builder_version=\"3.0.101\" border_radii=\"on||||\"][\/et_pb_contact_field][et_pb_contact_field field_id=\"stimme\" field_title=\"Ich stimme zu, dass meine Angaben aus dem Kontaktformular zur Beantwortung meiner Anfrage erhoben und verarbeitet werden.\" field_type=\"checkbox\" checkbox_options=\"%91{%22value%22:%22Ich stimme zu.%22,%22checked%22:0,%22dragID%22:0}%93\" fullwidth_field=\"on\" _builder_version=\"3.0.106\" form_field_font=\"||||||||\" form_field_text_color=\"#243D62\" max_width=\"90%\"][\/et_pb_contact_field][\/et_pb_contact_form][et_pb_text _builder_version=\"3.0.106\" text_font=\"||||||||\" text_font_size=\"12px\" custom_margin=\"0px|||\" custom_padding=\"0px|||\"]Detaillierte Informationen zum Umgang mit Nutzerdaten finden Sie in unserer <span style=\"color: #ffffff;\"><a href=\"\/datenschutz\">Datenschutzerkl\u00e4rung<\/a>.<\/span>[\/et_pb_text][\/et_pb_column][\/et_pb_row][\/et_pb_section][et_pb_section fb_built=\"1\" disabled_on=\"on|on|on\" _builder_version=\"3.0.106\" custom_padding=\"101px|0px|54px|0px\"][et_pb_row _builder_version=\"3.0.106\"][et_pb_column type=\"4_4\" _builder_version=\"3.0.106\" parallax=\"off\" parallax_method=\"on\"][et_pb_map address=\"Silberburgstra\u00dfe 126, 70176 Stuttgart, Njema\u010dka\" address_lat=\"48.7756108\" address_lng=\"9.1651489\" mouse_wheel=\"off\" _builder_version=\"3.0.106\"][et_pb_map_pin title=\"Abacus Controling\" pin_address=\"Silberburgstra\u00dfe 126, 70176 Stuttgart, Njema\u010dka\" pin_address_lat=\"48.7756108\" pin_address_lng=\"9.1651489\" _builder_version=\"3.0.106\"][\/et_pb_map_pin][\/et_pb_map][\/et_pb_column][\/et_pb_row][\/et_pb_section][et_pb_section fb_built=\"1\" background_color=\"rgba(52,55,71,0.95)\" module_class=\"tax tax9\" prev_background_color=\"#ffffff\" _builder_version=\"3.0.106\" background_image=\"https:\/\/abacus-controlling.de\/wp-content\/uploads\/2018\/10\/abacus_controlling_stuttgart-section.jpg\" background_blend=\"overlay\" custom_padding=\"160px|0px|100px|0px\" custom_padding_tablet=\"0px|0px|0px|0px\" top_divider_style=\"arrow\" top_divider_height=\"45px\" top_divider_flip=\"vertical\" transparent_background=\"off\" global_module=\"5828\" saved_tabs=\"all\"][et_pb_row use_custom_gutter=\"on\" gutter_width=\"2\" custom_padding=\"3vw||0|\" column_padding_mobile=\"on\" parallax_method_1=\"off\" custom_padding_last_edited=\"on|desktop\" _builder_version=\"3.0.106\" background_size=\"initial\" background_position=\"top_left\" background_repeat=\"repeat\"][et_pb_column type=\"1_3\" _builder_version=\"3.0.47\" column_padding_mobile=\"on\" parallax=\"off\" parallax_method=\"off\"][et_pb_cta title=\"ADRESSE\" use_background_color=\"off\" admin_label=\"Call us\" _builder_version=\"3.0.106\" header_font=\"|700|||||||\" header_font_size=\"21px\" header_font_size_tablet=\"30\" header_font_size_phone=\"26\" header_font_size_last_edited=\"on|phone\" header_text_color=\"#ffffff\" header_line_height=\"1.2em\" body_font=\"||||||||\" body_text_color=\"#ffffff\" body_line_height=\"1.8em\" background_size=\"initial\" background_position=\"top_left\" background_repeat=\"repeat\" text_orientation=\"left\" custom_margin=\"NaNpx|||\" custom_padding=\"|||\" animation_style=\"zoom\" use_border_color=\"off\" border_color=\"#ffffff\" border_style=\"solid\"]Silberburgstr 126<br \/>\r\n70176 Stuttgart[\/et_pb_cta][\/et_pb_column][et_pb_column type=\"1_3\" _builder_version=\"3.0.47\" column_padding_mobile=\"on\" parallax=\"off\" parallax_method=\"on\"][et_pb_cta title=\"TELEFON\" use_background_color=\"off\" admin_label=\"Call us\" _builder_version=\"3.0.106\" header_font=\"|700|||||||\" header_font_size=\"21px\" header_font_size_tablet=\"30\" header_font_size_phone=\"26\" header_font_size_last_edited=\"on|phone\" header_text_color=\"#ffffff\" header_line_height=\"1.2em\" body_font=\"||||||||\" body_text_color=\"#ffffff\" body_line_height=\"1.8em\" background_size=\"initial\" background_position=\"top_left\" background_repeat=\"repeat\" text_orientation=\"left\" custom_margin=\"NaNpx|||\" custom_padding=\"|||\" animation_style=\"zoom\" use_border_color=\"off\" border_color=\"#ffffff\" border_style=\"solid\"]Zentrale:<br \/>\r\n +49 711 901229-0<\/p>\r\n<p>Direktdurchwahl :<br \/>\r\n+49 711 901229-28[\/et_pb_cta][\/et_pb_column][et_pb_column type=\"1_3\" _builder_version=\"3.0.47\" column_padding_mobile=\"on\" parallax=\"off\" parallax_method=\"on\"][et_pb_cta title=\"EMAIL\" use_background_color=\"off\" admin_label=\"Call us\" _builder_version=\"3.0.106\" header_font=\"|700|||||||\" header_font_size=\"21px\" header_font_size_tablet=\"30\" header_font_size_phone=\"26\" header_font_size_last_edited=\"on|phone\" header_text_color=\"#ffffff\" header_line_height=\"1.2em\" body_font=\"||||||||\" body_text_color=\"#ffffff\" body_line_height=\"1.8em\" background_size=\"initial\" background_position=\"top_left\" background_repeat=\"repeat\" text_orientation=\"left\" custom_margin=\"NaNpx|||\" custom_padding=\"|||\" animation_style=\"zoom\" use_border_color=\"off\" border_color=\"#ffffff\" border_style=\"solid\"]<p>mate.miletic@abacus-controlling.de<\/p>[\/et_pb_cta][et_pb_divider height=\"26px\" _builder_version=\"3.0.106\"][\/et_pb_divider][et_pb_cta use_background_color=\"off\" admin_label=\"Call us\" _builder_version=\"3.0.106\" header_font=\"|700|||||||\" header_font_size=\"21px\" header_font_size_tablet=\"30\" header_font_size_phone=\"26\" header_font_size_last_edited=\"on|phone\" header_text_color=\"#ffffff\" header_line_height=\"1.2em\" body_font=\"||||||||\" body_text_color=\"#ffffff\" body_line_height=\"1.8em\" background_size=\"initial\" background_position=\"top_left\" background_repeat=\"repeat\" text_orientation=\"left\" custom_margin=\"NaNpx|||\" custom_padding=\"|||\" use_border_color=\"off\" border_color=\"#ffffff\" border_style=\"solid\"]<p><span style=\"color: #ffffff;\"><a href=\"\/impressum\" style=\"color: #ffffff;\">Impressum<\/a> | <a href=\"\/datenschutz\" style=\"color: #ffffff;\">Datenschutz<\/a><\/span><\/p>[\/et_pb_cta][\/et_pb_column][\/et_pb_row][\/et_pb_section]","_et_gb_content_width":"","footnotes":""},"_links":{"self":[{"href":"https:\/\/abacus-controlling.de\/hr\/wp-json\/wp\/v2\/pages\/6175"}],"collection":[{"href":"https:\/\/abacus-controlling.de\/hr\/wp-json\/wp\/v2\/pages"}],"about":[{"href":"https:\/\/abacus-controlling.de\/hr\/wp-json\/wp\/v2\/types\/page"}],"author":[{"embeddable":true,"href":"https:\/\/abacus-controlling.de\/hr\/wp-json\/wp\/v2\/users\/9"}],"replies":[{"embeddable":true,"href":"https:\/\/abacus-controlling.de\/hr\/wp-json\/wp\/v2\/comments?post=6175"}],"version-history":[{"count":5,"href":"https:\/\/abacus-controlling.de\/hr\/wp-json\/wp\/v2\/pages\/6175\/revisions"}],"predecessor-version":[{"id":6258,"href":"https:\/\/abacus-controlling.de\/hr\/wp-json\/wp\/v2\/pages\/6175\/revisions\/6258"}],"wp:attachment":[{"href":"https:\/\/abacus-controlling.de\/hr\/wp-json\/wp\/v2\/media?parent=6175"}],"curies":[{"name":"wp","href":"https:\/\/api.w.org\/{rel}","templated":true}]}}